{"id":2473,"date":"2024-09-10T12:03:07","date_gmt":"2024-09-10T19:03:07","guid":{"rendered":"https:\/\/www.pureoriginalcanada.com\/products\/massif\/"},"modified":"2026-03-06T11:32:20","modified_gmt":"2026-03-06T18:32:20","slug":"massif","status":"publish","type":"product","link":"https:\/\/www.pureoriginalcanada.com\/fr\/produits\/massif\/","title":{"rendered":"Massif micro-pierre"},"content":{"rendered":"<p>D\u00e9couvrez notre finition \u00e9cologique, 100% min\u00e9rale, micro-pierre, textur\u00e9e. Il offre une finition luxueuse de texture architecturale (\u00e0 deux couches) semblable au ciment pour de multiples utilisations, telles que les cellules humides, les murs, les plafonds, les comptoirs de cuisine et de salle de bain, et m\u00eame, si elle est appliqu\u00e9e professionnellement sur un substrat appropri\u00e9, pour les planchers. Il est comparable aux finitions en microciment mais sans le ciment, ce qui en fait une alternative durable. Nous recommandons la protection avec 1K ou 2K Vernis de substrats \u00e0 haute r\u00e9sistance.<\/p>\n<p>Massif est disponible en 32 couleurs s\u00e9lectionn\u00e9es.<\/p>\n<p>Caract\u00e9ristiques du Massif :<\/p>\n<ul>\n<li>Micro-pierre ultra fort et flexible (non sujet \u00e0 la fissuration\/r\u00e9tr\u00e9cissement) compar\u00e9 au stuc et au micro-ciment<\/li>\n<li>\u00c0 base d\u2019eau<\/li>\n<li>Color\u00e9e avec des pigments naturels et organiques offrant de d\u00e9licates nuances de couleur dans les tons matte<\/li>\n<li>Tr\u00e8s \u00e9cologique, sans COV ni ciment, faible teneur en solvants, pas de liant synth\u00e9tique<\/li>\n<li>100 % recyclable<\/li>\n<li>Non inflammable et incombustible<\/li>\n<li>R\u00e9sistant aux bact\u00e9ries et aux <span>moule<\/span><\/li>\n<li>Peu ou pas d\u2019odeur<\/li>\n<\/ul>\n","protected":false},"featured_media":2860,"parent":0,"template":"","class_list":["post-2473","product","type-product","status-publish","has-post-thumbnail","hentry"],"acf":[],"yoast_head":"<!-- This site is optimized with the Yoast SEO plugin v27.2 - https:\/\/yoast.com\/product\/yoast-seo-wordpress\/ -->\n<title>Massif micro-pierre | Peinture \u00e0 Micro-pierre | Alternative \u00e9co au microciment| Pure &amp; Original Canada<\/title>\n<meta name=\"robots\" content=\"index, follow, max-snippet:-1, max-image-preview:large, max-video-preview:-1\" \/>\n<link rel=\"canonical\" href=\"https:\/\/www.pureoriginalcanada.com\/fr\/produits\/massif\/\" \/>\n<meta property=\"og:locale\" content=\"fr_FR\" \/>\n<meta property=\"og:type\" content=\"article\" \/>\n<meta property=\"og:title\" content=\"Massif micro-pierre | Peinture \u00e0 Micro-pierre | Alternative \u00e9co au microciment| Pure &amp; Original Canada\" \/>\n<meta property=\"og:description\" content=\"D\u00e9couvrez notre finition \u00e9cologique, 100% min\u00e9rale, micro-pierre, textur\u00e9e. Il offre une finition luxueuse de texture architecturale (\u00e0 deux couches) semblable au ciment pour de multiples utilisations, telles que les cellules humides, les murs, les plafonds, les comptoirs de cuisine et de salle de bain, et m\u00eame, si elle est appliqu\u00e9e professionnellement sur un substrat appropri\u00e9, &hellip; Continued\" \/>\n<meta property=\"og:url\" content=\"https:\/\/www.pureoriginalcanada.com\/fr\/produits\/massif\/\" \/>\n<meta property=\"og:site_name\" content=\"Pure &amp; Original Canada\" \/>\n<meta property=\"article:publisher\" content=\"https:\/\/www.facebook.com\/pureandoriginal.english\" \/>\n<meta property=\"article:modified_time\" content=\"2026-03-06T18:32:20+00:00\" \/>\n<meta property=\"og:image\" content=\"https:\/\/cdn.diffuse.nl\/pureoriginalcanada\/uploads\/2025\/11\/MaisonEden_ProjetYamaska-8-scaled.jpg\" \/>\n\t<meta property=\"og:image:width\" content=\"1708\" \/>\n\t<meta property=\"og:image:height\" content=\"2560\" \/>\n\t<meta property=\"og:image:type\" content=\"image\/jpeg\" \/>\n<meta name=\"twitter:label1\" content=\"Est. reading time\" \/>\n\t<meta name=\"twitter:data1\" content=\"1 minute\" \/>\n<script type=\"application\/ld+json\" class=\"yoast-schema-graph\">{\"@context\":\"https:\/\/schema.org\",\"@graph\":[{\"@type\":\"WebPage\",\"@id\":\"https:\/\/www.pureoriginalcanada.com\/fr\/produits\/massif\/\",\"url\":\"https:\/\/www.pureoriginalcanada.com\/fr\/produits\/massif\/\",\"name\":\"Massif micro-pierre | Peinture \u00e0 Micro-pierre | Alternative \u00e9co au microciment| Pure &amp; Original Canada\",\"isPartOf\":{\"@id\":\"https:\/\/www.pureoriginalcanada.com\/#website\"},\"primaryImageOfPage\":{\"@id\":\"https:\/\/www.pureoriginalcanada.com\/fr\/produits\/massif\/#primaryimage\"},\"image\":{\"@id\":\"https:\/\/www.pureoriginalcanada.com\/fr\/produits\/massif\/#primaryimage\"},\"thumbnailUrl\":\"https:\/\/cdn.diffuse.nl\/pureoriginalcanada\/uploads\/2025\/11\/MaisonEden_ProjetYamaska-8-scaled.jpg\",\"datePublished\":\"2024-09-10T19:03:07+00:00\",\"dateModified\":\"2026-03-06T18:32:20+00:00\",\"breadcrumb\":{\"@id\":\"https:\/\/www.pureoriginalcanada.com\/fr\/produits\/massif\/#breadcrumb\"},\"inLanguage\":\"fr-FR\",\"potentialAction\":[{\"@type\":\"ReadAction\",\"target\":[\"https:\/\/www.pureoriginalcanada.com\/fr\/produits\/massif\/\"]}]},{\"@type\":\"ImageObject\",\"inLanguage\":\"fr-FR\",\"@id\":\"https:\/\/www.pureoriginalcanada.com\/fr\/produits\/massif\/#primaryimage\",\"url\":\"https:\/\/cdn.diffuse.nl\/pureoriginalcanada\/uploads\/2025\/11\/MaisonEden_ProjetYamaska-8-scaled.jpg\",\"contentUrl\":\"https:\/\/cdn.diffuse.nl\/pureoriginalcanada\/uploads\/2025\/11\/MaisonEden_ProjetYamaska-8-scaled.jpg\",\"width\":1708,\"height\":2560,\"caption\":\"Massif | Chalk White, picture by Sophie Corriveau\"},{\"@type\":\"BreadcrumbList\",\"@id\":\"https:\/\/www.pureoriginalcanada.com\/fr\/produits\/massif\/#breadcrumb\",\"itemListElement\":[{\"@type\":\"ListItem\",\"position\":1,\"name\":\"Home\",\"item\":\"https:\/\/www.pureoriginalcanada.com\/fr\/\"},{\"@type\":\"ListItem\",\"position\":2,\"name\":\"Massif micro-pierre\"}]},{\"@type\":\"WebSite\",\"@id\":\"https:\/\/www.pureoriginalcanada.com\/#website\",\"url\":\"https:\/\/www.pureoriginalcanada.com\/\",\"name\":\"Pure & Original Canada\",\"description\":\"The charm of natural paint and colors\",\"publisher\":{\"@id\":\"https:\/\/www.pureoriginalcanada.com\/#organization\"},\"potentialAction\":[{\"@type\":\"SearchAction\",\"target\":{\"@type\":\"EntryPoint\",\"urlTemplate\":\"https:\/\/www.pureoriginalcanada.com\/?s={search_term_string}\"},\"query-input\":{\"@type\":\"PropertyValueSpecification\",\"valueRequired\":true,\"valueName\":\"search_term_string\"}}],\"inLanguage\":\"fr-FR\"},{\"@type\":\"Organization\",\"@id\":\"https:\/\/www.pureoriginalcanada.com\/#organization\",\"name\":\"Pure & Original Canada\",\"url\":\"https:\/\/www.pureoriginalcanada.com\/\",\"logo\":{\"@type\":\"ImageObject\",\"inLanguage\":\"fr-FR\",\"@id\":\"https:\/\/www.pureoriginalcanada.com\/#\/schema\/logo\/image\/\",\"url\":\"https:\/\/cdn.diffuse.nl\/pureoriginalcanada\/uploads\/2023\/12\/pure-original-logo-bw.jpg\",\"contentUrl\":\"https:\/\/cdn.diffuse.nl\/pureoriginalcanada\/uploads\/2023\/12\/pure-original-logo-bw.jpg\",\"width\":1392,\"height\":1392,\"caption\":\"Pure & Original Canada\"},\"image\":{\"@id\":\"https:\/\/www.pureoriginalcanada.com\/#\/schema\/logo\/image\/\"},\"sameAs\":[\"https:\/\/www.facebook.com\/pureandoriginal.english\",\"https:\/\/www.instagram.com\/pureoriginalusa_can\/\",\"https:\/\/www.pinterest.ca\/pureoriginalusa\/\"]}]}<\/script>\n<!-- \/ Yoast SEO plugin. -->","yoast_head_json":{"title":"Massif micro-pierre | Peinture \u00e0 Micro-pierre | Alternative \u00e9co au microciment| Pure &amp; Original Canada","robots":{"index":"index","follow":"follow","max-snippet":"max-snippet:-1","max-image-preview":"max-image-preview:large","max-video-preview":"max-video-preview:-1"},"canonical":"https:\/\/www.pureoriginalcanada.com\/fr\/produits\/massif\/","og_locale":"fr_FR","og_type":"article","og_title":"Massif micro-pierre | Peinture \u00e0 Micro-pierre | Alternative \u00e9co au microciment| Pure &amp; Original Canada","og_description":"D\u00e9couvrez notre finition \u00e9cologique, 100% min\u00e9rale, micro-pierre, textur\u00e9e. Il offre une finition luxueuse de texture architecturale (\u00e0 deux couches) semblable au ciment pour de multiples utilisations, telles que les cellules humides, les murs, les plafonds, les comptoirs de cuisine et de salle de bain, et m\u00eame, si elle est appliqu\u00e9e professionnellement sur un substrat appropri\u00e9, &hellip; Continued","og_url":"https:\/\/www.pureoriginalcanada.com\/fr\/produits\/massif\/","og_site_name":"Pure &amp; Original Canada","article_publisher":"https:\/\/www.facebook.com\/pureandoriginal.english","article_modified_time":"2026-03-06T18:32:20+00:00","og_image":[{"width":1708,"height":2560,"url":"https:\/\/cdn.diffuse.nl\/pureoriginalcanada\/uploads\/2025\/11\/MaisonEden_ProjetYamaska-8-scaled.jpg","type":"image\/jpeg"}],"twitter_misc":{"Est. reading time":"1 minute"},"schema":{"@context":"https:\/\/schema.org","@graph":[{"@type":"WebPage","@id":"https:\/\/www.pureoriginalcanada.com\/fr\/produits\/massif\/","url":"https:\/\/www.pureoriginalcanada.com\/fr\/produits\/massif\/","name":"Massif micro-pierre | Peinture \u00e0 Micro-pierre | Alternative \u00e9co au microciment| Pure &amp; Original Canada","isPartOf":{"@id":"https:\/\/www.pureoriginalcanada.com\/#website"},"primaryImageOfPage":{"@id":"https:\/\/www.pureoriginalcanada.com\/fr\/produits\/massif\/#primaryimage"},"image":{"@id":"https:\/\/www.pureoriginalcanada.com\/fr\/produits\/massif\/#primaryimage"},"thumbnailUrl":"https:\/\/cdn.diffuse.nl\/pureoriginalcanada\/uploads\/2025\/11\/MaisonEden_ProjetYamaska-8-scaled.jpg","datePublished":"2024-09-10T19:03:07+00:00","dateModified":"2026-03-06T18:32:20+00:00","breadcrumb":{"@id":"https:\/\/www.pureoriginalcanada.com\/fr\/produits\/massif\/#breadcrumb"},"inLanguage":"fr-FR","potentialAction":[{"@type":"ReadAction","target":["https:\/\/www.pureoriginalcanada.com\/fr\/produits\/massif\/"]}]},{"@type":"ImageObject","inLanguage":"fr-FR","@id":"https:\/\/www.pureoriginalcanada.com\/fr\/produits\/massif\/#primaryimage","url":"https:\/\/cdn.diffuse.nl\/pureoriginalcanada\/uploads\/2025\/11\/MaisonEden_ProjetYamaska-8-scaled.jpg","contentUrl":"https:\/\/cdn.diffuse.nl\/pureoriginalcanada\/uploads\/2025\/11\/MaisonEden_ProjetYamaska-8-scaled.jpg","width":1708,"height":2560,"caption":"Massif | Chalk White, picture by Sophie Corriveau"},{"@type":"BreadcrumbList","@id":"https:\/\/www.pureoriginalcanada.com\/fr\/produits\/massif\/#breadcrumb","itemListElement":[{"@type":"ListItem","position":1,"name":"Home","item":"https:\/\/www.pureoriginalcanada.com\/fr\/"},{"@type":"ListItem","position":2,"name":"Massif micro-pierre"}]},{"@type":"WebSite","@id":"https:\/\/www.pureoriginalcanada.com\/#website","url":"https:\/\/www.pureoriginalcanada.com\/","name":"Pure & Original Canada","description":"The charm of natural paint and colors","publisher":{"@id":"https:\/\/www.pureoriginalcanada.com\/#organization"},"potentialAction":[{"@type":"SearchAction","target":{"@type":"EntryPoint","urlTemplate":"https:\/\/www.pureoriginalcanada.com\/?s={search_term_string}"},"query-input":{"@type":"PropertyValueSpecification","valueRequired":true,"valueName":"search_term_string"}}],"inLanguage":"fr-FR"},{"@type":"Organization","@id":"https:\/\/www.pureoriginalcanada.com\/#organization","name":"Pure & Original Canada","url":"https:\/\/www.pureoriginalcanada.com\/","logo":{"@type":"ImageObject","inLanguage":"fr-FR","@id":"https:\/\/www.pureoriginalcanada.com\/#\/schema\/logo\/image\/","url":"https:\/\/cdn.diffuse.nl\/pureoriginalcanada\/uploads\/2023\/12\/pure-original-logo-bw.jpg","contentUrl":"https:\/\/cdn.diffuse.nl\/pureoriginalcanada\/uploads\/2023\/12\/pure-original-logo-bw.jpg","width":1392,"height":1392,"caption":"Pure & Original Canada"},"image":{"@id":"https:\/\/www.pureoriginalcanada.com\/#\/schema\/logo\/image\/"},"sameAs":["https:\/\/www.facebook.com\/pureandoriginal.english","https:\/\/www.instagram.com\/pureoriginalusa_can\/","https:\/\/www.pinterest.ca\/pureoriginalusa\/"]}]}},"_links":{"self":[{"href":"https:\/\/www.pureoriginalcanada.com\/fr\/wp-json\/wp\/v2\/product\/2473","targetHints":{"allow":["GET"]}}],"collection":[{"href":"https:\/\/www.pureoriginalcanada.com\/fr\/wp-json\/wp\/v2\/product"}],"about":[{"href":"https:\/\/www.pureoriginalcanada.com\/fr\/wp-json\/wp\/v2\/types\/product"}],"wp:featuredmedia":[{"embeddable":true,"href":"https:\/\/www.pureoriginalcanada.com\/fr\/wp-json\/wp\/v2\/media\/2860"}],"wp:attachment":[{"href":"https:\/\/www.pureoriginalcanada.com\/fr\/wp-json\/wp\/v2\/media?parent=2473"}],"curies":[{"name":"wp","href":"https:\/\/api.w.org\/{rel}","templated":true}]}}