{"id":2347,"date":"2024-02-07T06:51:26","date_gmt":"2024-02-07T13:51:26","guid":{"rendered":"https:\/\/www.pureoriginalcanada.com\/returns-damages-policy\/"},"modified":"2024-07-25T09:48:40","modified_gmt":"2024-07-25T16:48:40","slug":"politique-de-retour-et-dommages","status":"publish","type":"page","link":"https:\/\/www.pureoriginalcanada.com\/fr\/politique-de-retour-et-dommages\/","title":{"rendered":"Politique de retour et dommages"},"content":{"rendered":"<h2>Retours<\/h2>\n<p>Bien que nous nous efforcions d\u2019assurer votre satisfaction, nos produits de peinture sont d\u00e9finitifs et ne peuvent pas \u00eatre \u00e9chang\u00e9s ou retourn\u00e9s. Nous vous recommandons fortement de vous r\u00e9f\u00e9rer \u00e0 notre carte de couleurs ou \u00e0 notre \u00e9chantillonnage pour une repr\u00e9sentation pr\u00e9cise des couleurs sur votre surface sp\u00e9cifique et dans diverses conditions d\u2019\u00e9clairage. Il est important de noter que les \u00e9crans d\u2019ordinateur ne fournissent pas d\u2019\u00e9crans couleur fiables.<\/p>\n<h2>Volume de peinture n\u00e9cessaire pour la couverture<\/h2>\n<p>Les taux de spread th\u00e9oriques pour chaque article peuvent \u00eatre trouv\u00e9s sur les pages des produits respectifs dans notre boutique en ligne. Ces taux indiquent la couverture par manteau. Cependant, la couverture peut varier en fonction de facteurs tels que le substrat, la technique d\u2019application et la dilution. <a href=\"https:\/\/www.pureoriginalcanada.com\/fr\/contactez-nous\/\">Notre \u00e9quipe est disponible<\/a> pour vous aider \u00e0 calculer les montants n\u00e9cessaires \u00e0 votre projet si n\u00e9cessaire.<\/p>\n<h2>Dommages et perte de produit<\/h2>\n<p>Malgr\u00e9 nos meilleurs efforts pour pr\u00e9venir les dommages, cela peut se produire pendant l\u2019exp\u00e9dition. Si vous recevez des bo\u00eetes endommag\u00e9es entra\u00eenant la d\u00e9t\u00e9rioration de la peinture, nous organiserons un remplacement pour le produit perdu.<\/p>\n<p>Pour d\u00e9poser une r\u00e9clamation pour dommages, nous avons besoin de photos claires des dommages \u00e0 l\u2019int\u00e9rieur de la bo\u00eete et l\u2019ext\u00e9rieur de la bo\u00eete d\u2019exp\u00e9dition ext\u00e9rieure de tous les c\u00f4t\u00e9s. Ces images doivent \u00eatre fournies dans les 48 heures suivant la r\u00e9ception de l\u2019envoi.<\/p>\n<p>Veuillez <a href=\"mailto:info@pureoriginalcanada.com\">envoyer un courriel <\/a>\u00e0 notre \u00e9quipe du service \u00e0 la client\u00e8le rapidement pour lancer le processus de r\u00e9clamation et assurer une r\u00e9solution rapide. Nous ne pouvons \u00eatre tenus responsables pour des valeurs sup\u00e9rieures \u00e0 la valeur de la marchandise que nous avons livr\u00e9e.<\/p>\n<p>Perte ou erreur de livraison du produit\u00a0: Veuillez vous assurer de fournir une adresse compl\u00e8te et correcte au moment de la commande. Si vous n\u2019avez pas re\u00e7u de colis alors que le statut indique livr\u00e9, nous vous recommandons de v\u00e9rifier aupr\u00e8s des voisins, de la r\u00e9ception, du concierge, des portes avant et arri\u00e8re, du garage, etc., et si vous ne les trouvez toujours pas, contactez-nous d\u00e8s que possible. Les espaces publics et les chantiers de construction pr\u00e9sentent un risque plus \u00e9lev\u00e9 de mauvais placement des biens; assurez-vous que l\u2019adresse est accessible et qu\u2019une personne de contact fiable est disponible pour recevoir les biens.\u00a0 Veuillez noter que nous accordons aux soci\u00e9t\u00e9s \u00e0 terme un certain temps pour enqu\u00eater sur le cas.<\/p>\n<h2>Articles de sortie<\/h2>\n<p>Les articles de point de vente (en vente) sont d\u00e9finitifs et ne peuvent pas \u00eatre retourn\u00e9s ou \u00e9chang\u00e9s.<\/p>\n<h2>Merci d\u2019avoir choisi Pure &amp; Original pour vos besoins de peinture<\/h2>\n<p>Nous appr\u00e9cions votre entreprise et visons \u00e0 toujours fournir d\u2019excellents produits et services de peinture. Si vous avez d\u2019autres questions ou pr\u00e9occupations concernant notre politique de retour et de dommages, n\u2019h\u00e9sitez pas \u00e0 nous contacter.<\/p>\n","protected":false},"excerpt":{"rendered":"<p>Retours Bien que nous nous efforcions d\u2019assurer votre satisfaction, nos produits de peinture sont d\u00e9finitifs et ne peuvent pas \u00eatre \u00e9chang\u00e9s ou retourn\u00e9s. Nous vous recommandons fortement de vous r\u00e9f\u00e9rer \u00e0 notre carte de couleurs ou \u00e0 notre \u00e9chantillonnage pour une repr\u00e9sentation pr\u00e9cise des couleurs sur votre surface sp\u00e9cifique et dans diverses conditions d\u2019\u00e9clairage. Il &hellip; <a href=\"https:\/\/www.pureoriginalcanada.com\/fr\/politique-de-retour-et-dommages\/\">Continued<\/a><\/p>\n","protected":false},"author":1,"featured_media":0,"parent":0,"menu_order":35,"comment_status":"closed","ping_status":"closed","template":"","meta":{"_acf_changed":false,"footnotes":""},"class_list":["post-2347","page","type-page","status-publish","hentry"],"acf":[],"yoast_head":"<!-- This site is optimized with the Yoast SEO plugin v27.2 - https:\/\/yoast.com\/product\/yoast-seo-wordpress\/ -->\n<title>Politique de Retour et de Dommages | Pure &amp; Original Canada<\/title>\n<meta name=\"description\" content=\"Pour le retour ou l&#039;endommagement des produits de peinture Pure &amp; Original, veuillez lire notre politique de retour et d&#039;endommagement.\" \/>\n<meta name=\"robots\" content=\"index, follow, max-snippet:-1, max-image-preview:large, max-video-preview:-1\" \/>\n<link rel=\"canonical\" href=\"https:\/\/www.pureoriginalcanada.com\/fr\/politique-de-retour-et-dommages\/\" \/>\n<meta property=\"og:locale\" content=\"fr_FR\" \/>\n<meta property=\"og:type\" content=\"article\" \/>\n<meta property=\"og:title\" content=\"Politique de Retour et de Dommages | Pure &amp; Original Canada\" \/>\n<meta property=\"og:description\" content=\"Pour le retour ou l&#039;endommagement des produits de peinture Pure &amp; Original, veuillez lire notre politique de retour et d&#039;endommagement.\" \/>\n<meta property=\"og:url\" content=\"https:\/\/www.pureoriginalcanada.com\/fr\/politique-de-retour-et-dommages\/\" \/>\n<meta property=\"og:site_name\" content=\"Pure &amp; Original Canada\" \/>\n<meta property=\"article:publisher\" content=\"https:\/\/www.facebook.com\/pureandoriginal.english\" \/>\n<meta property=\"article:modified_time\" content=\"2024-07-25T16:48:40+00:00\" \/>\n<meta property=\"og:image\" content=\"https:\/\/cdn.diffuse.nl\/pureoriginalcanada\/uploads\/2023\/12\/pure-original-og.jpg\" \/>\n\t<meta property=\"og:image:width\" content=\"1440\" \/>\n\t<meta property=\"og:image:height\" content=\"837\" \/>\n\t<meta property=\"og:image:type\" content=\"image\/jpeg\" \/>\n<meta name=\"twitter:label1\" content=\"Est. reading time\" \/>\n\t<meta name=\"twitter:data1\" content=\"2 minutes\" \/>\n<script type=\"application\/ld+json\" class=\"yoast-schema-graph\">{\"@context\":\"https:\/\/schema.org\",\"@graph\":[{\"@type\":\"WebPage\",\"@id\":\"https:\/\/www.pureoriginalcanada.com\/fr\/politique-de-retour-et-dommages\/\",\"url\":\"https:\/\/www.pureoriginalcanada.com\/fr\/politique-de-retour-et-dommages\/\",\"name\":\"Politique de Retour et de Dommages | Pure &amp; Original Canada\",\"isPartOf\":{\"@id\":\"https:\/\/www.pureoriginalcanada.com\/#website\"},\"datePublished\":\"2024-02-07T13:51:26+00:00\",\"dateModified\":\"2024-07-25T16:48:40+00:00\",\"description\":\"Pour le retour ou l'endommagement des produits de peinture Pure & Original, veuillez lire notre politique de retour et d'endommagement.\",\"breadcrumb\":{\"@id\":\"https:\/\/www.pureoriginalcanada.com\/fr\/politique-de-retour-et-dommages\/#breadcrumb\"},\"inLanguage\":\"fr-FR\",\"potentialAction\":[{\"@type\":\"ReadAction\",\"target\":[\"https:\/\/www.pureoriginalcanada.com\/fr\/politique-de-retour-et-dommages\/\"]}]},{\"@type\":\"BreadcrumbList\",\"@id\":\"https:\/\/www.pureoriginalcanada.com\/fr\/politique-de-retour-et-dommages\/#breadcrumb\",\"itemListElement\":[{\"@type\":\"ListItem\",\"position\":1,\"name\":\"Home\",\"item\":\"https:\/\/www.pureoriginalcanada.com\/fr\/\"},{\"@type\":\"ListItem\",\"position\":2,\"name\":\"Politique de retour et dommages\"}]},{\"@type\":\"WebSite\",\"@id\":\"https:\/\/www.pureoriginalcanada.com\/#website\",\"url\":\"https:\/\/www.pureoriginalcanada.com\/\",\"name\":\"Pure & Original Canada\",\"description\":\"The charm of natural paint and colors\",\"publisher\":{\"@id\":\"https:\/\/www.pureoriginalcanada.com\/#organization\"},\"potentialAction\":[{\"@type\":\"SearchAction\",\"target\":{\"@type\":\"EntryPoint\",\"urlTemplate\":\"https:\/\/www.pureoriginalcanada.com\/?s={search_term_string}\"},\"query-input\":{\"@type\":\"PropertyValueSpecification\",\"valueRequired\":true,\"valueName\":\"search_term_string\"}}],\"inLanguage\":\"fr-FR\"},{\"@type\":\"Organization\",\"@id\":\"https:\/\/www.pureoriginalcanada.com\/#organization\",\"name\":\"Pure & Original Canada\",\"url\":\"https:\/\/www.pureoriginalcanada.com\/\",\"logo\":{\"@type\":\"ImageObject\",\"inLanguage\":\"fr-FR\",\"@id\":\"https:\/\/www.pureoriginalcanada.com\/#\/schema\/logo\/image\/\",\"url\":\"https:\/\/cdn.diffuse.nl\/pureoriginalcanada\/uploads\/2023\/12\/pure-original-logo-bw.jpg\",\"contentUrl\":\"https:\/\/cdn.diffuse.nl\/pureoriginalcanada\/uploads\/2023\/12\/pure-original-logo-bw.jpg\",\"width\":1392,\"height\":1392,\"caption\":\"Pure & Original Canada\"},\"image\":{\"@id\":\"https:\/\/www.pureoriginalcanada.com\/#\/schema\/logo\/image\/\"},\"sameAs\":[\"https:\/\/www.facebook.com\/pureandoriginal.english\",\"https:\/\/www.instagram.com\/pureoriginalusa_can\/\",\"https:\/\/www.pinterest.ca\/pureoriginalusa\/\"]}]}<\/script>\n<!-- \/ Yoast SEO plugin. -->","yoast_head_json":{"title":"Politique de Retour et de Dommages | Pure &amp; Original Canada","description":"Pour le retour ou l'endommagement des produits de peinture Pure & Original, veuillez lire notre politique de retour et d'endommagement.","robots":{"index":"index","follow":"follow","max-snippet":"max-snippet:-1","max-image-preview":"max-image-preview:large","max-video-preview":"max-video-preview:-1"},"canonical":"https:\/\/www.pureoriginalcanada.com\/fr\/politique-de-retour-et-dommages\/","og_locale":"fr_FR","og_type":"article","og_title":"Politique de Retour et de Dommages | Pure &amp; Original Canada","og_description":"Pour le retour ou l'endommagement des produits de peinture Pure & Original, veuillez lire notre politique de retour et d'endommagement.","og_url":"https:\/\/www.pureoriginalcanada.com\/fr\/politique-de-retour-et-dommages\/","og_site_name":"Pure &amp; Original Canada","article_publisher":"https:\/\/www.facebook.com\/pureandoriginal.english","article_modified_time":"2024-07-25T16:48:40+00:00","og_image":[{"width":1440,"height":837,"url":"https:\/\/cdn.diffuse.nl\/pureoriginalcanada\/uploads\/2023\/12\/pure-original-og.jpg","type":"image\/jpeg"}],"twitter_misc":{"Est. reading time":"2 minutes"},"schema":{"@context":"https:\/\/schema.org","@graph":[{"@type":"WebPage","@id":"https:\/\/www.pureoriginalcanada.com\/fr\/politique-de-retour-et-dommages\/","url":"https:\/\/www.pureoriginalcanada.com\/fr\/politique-de-retour-et-dommages\/","name":"Politique de Retour et de Dommages | Pure &amp; Original Canada","isPartOf":{"@id":"https:\/\/www.pureoriginalcanada.com\/#website"},"datePublished":"2024-02-07T13:51:26+00:00","dateModified":"2024-07-25T16:48:40+00:00","description":"Pour le retour ou l'endommagement des produits de peinture Pure & Original, veuillez lire notre politique de retour et d'endommagement.","breadcrumb":{"@id":"https:\/\/www.pureoriginalcanada.com\/fr\/politique-de-retour-et-dommages\/#breadcrumb"},"inLanguage":"fr-FR","potentialAction":[{"@type":"ReadAction","target":["https:\/\/www.pureoriginalcanada.com\/fr\/politique-de-retour-et-dommages\/"]}]},{"@type":"BreadcrumbList","@id":"https:\/\/www.pureoriginalcanada.com\/fr\/politique-de-retour-et-dommages\/#breadcrumb","itemListElement":[{"@type":"ListItem","position":1,"name":"Home","item":"https:\/\/www.pureoriginalcanada.com\/fr\/"},{"@type":"ListItem","position":2,"name":"Politique de retour et dommages"}]},{"@type":"WebSite","@id":"https:\/\/www.pureoriginalcanada.com\/#website","url":"https:\/\/www.pureoriginalcanada.com\/","name":"Pure & Original Canada","description":"The charm of natural paint and colors","publisher":{"@id":"https:\/\/www.pureoriginalcanada.com\/#organization"},"potentialAction":[{"@type":"SearchAction","target":{"@type":"EntryPoint","urlTemplate":"https:\/\/www.pureoriginalcanada.com\/?s={search_term_string}"},"query-input":{"@type":"PropertyValueSpecification","valueRequired":true,"valueName":"search_term_string"}}],"inLanguage":"fr-FR"},{"@type":"Organization","@id":"https:\/\/www.pureoriginalcanada.com\/#organization","name":"Pure & Original Canada","url":"https:\/\/www.pureoriginalcanada.com\/","logo":{"@type":"ImageObject","inLanguage":"fr-FR","@id":"https:\/\/www.pureoriginalcanada.com\/#\/schema\/logo\/image\/","url":"https:\/\/cdn.diffuse.nl\/pureoriginalcanada\/uploads\/2023\/12\/pure-original-logo-bw.jpg","contentUrl":"https:\/\/cdn.diffuse.nl\/pureoriginalcanada\/uploads\/2023\/12\/pure-original-logo-bw.jpg","width":1392,"height":1392,"caption":"Pure & Original Canada"},"image":{"@id":"https:\/\/www.pureoriginalcanada.com\/#\/schema\/logo\/image\/"},"sameAs":["https:\/\/www.facebook.com\/pureandoriginal.english","https:\/\/www.instagram.com\/pureoriginalusa_can\/","https:\/\/www.pinterest.ca\/pureoriginalusa\/"]}]}},"_links":{"self":[{"href":"https:\/\/www.pureoriginalcanada.com\/fr\/wp-json\/wp\/v2\/pages\/2347","targetHints":{"allow":["GET"]}}],"collection":[{"href":"https:\/\/www.pureoriginalcanada.com\/fr\/wp-json\/wp\/v2\/pages"}],"about":[{"href":"https:\/\/www.pureoriginalcanada.com\/fr\/wp-json\/wp\/v2\/types\/page"}],"author":[{"embeddable":true,"href":"https:\/\/www.pureoriginalcanada.com\/fr\/wp-json\/wp\/v2\/users\/1"}],"replies":[{"embeddable":true,"href":"https:\/\/www.pureoriginalcanada.com\/fr\/wp-json\/wp\/v2\/comments?post=2347"}],"version-history":[{"count":5,"href":"https:\/\/www.pureoriginalcanada.com\/fr\/wp-json\/wp\/v2\/pages\/2347\/revisions"}],"predecessor-version":[{"id":2425,"href":"https:\/\/www.pureoriginalcanada.com\/fr\/wp-json\/wp\/v2\/pages\/2347\/revisions\/2425"}],"wp:attachment":[{"href":"https:\/\/www.pureoriginalcanada.com\/fr\/wp-json\/wp\/v2\/media?parent=2347"}],"curies":[{"name":"wp","href":"https:\/\/api.w.org\/{rel}","templated":true}]}}