{"id":2135,"date":"2023-11-07T13:58:09","date_gmt":"2023-11-07T20:58:09","guid":{"rendered":"https:\/\/www.pureoriginalcanada.com\/?page_id=2135"},"modified":"2025-03-01T15:10:31","modified_gmt":"2025-03-01T22:10:31","slug":"home","status":"publish","type":"page","link":"https:\/\/www.pureoriginalcanada.com\/fr\/","title":{"rendered":"Accueil"},"content":{"rendered":"","protected":false},"excerpt":{"rendered":"","protected":false},"author":1,"featured_media":0,"parent":0,"menu_order":17,"comment_status":"closed","ping_status":"closed","template":"","meta":{"_acf_changed":false,"footnotes":""},"class_list":["post-2135","page","type-page","status-publish","hentry"],"acf":[],"yoast_head":"<!-- This site is optimized with the Yoast SEO plugin v27.2 - https:\/\/yoast.com\/product\/yoast-seo-wordpress\/ -->\n<title>Pure &amp; Original Canada | Peintures \u00e0 la chaux naturelle | Finitions textur\u00e9es pour int\u00e9rieur<\/title>\n<meta name=\"description\" content=\"D\u00e9couvrez Pure &amp; Original, une marque de peinture haut de gamme connue pour ses peintures \u00e0 la chaux et au pl\u00e2tre. Nous utilisons des pigments naturels pour teinter nos peintures \u00e9cologiques, avec une gamme de finitions allant du mat au brillant et du m\u00e9tallique, ainsi que des textures murales uniques comme Fresco Lime et Marrakech Walls.\" \/>\n<meta name=\"robots\" content=\"index, follow, max-snippet:-1, max-image-preview:large, max-video-preview:-1\" \/>\n<link rel=\"canonical\" href=\"https:\/\/www.pureoriginalcanada.com\/fr\/\" \/>\n<meta property=\"og:locale\" content=\"fr_FR\" \/>\n<meta property=\"og:type\" content=\"article\" \/>\n<meta property=\"og:title\" content=\"Pure &amp; Original Canada | Peintures \u00e0 la chaux naturelle | Finitions textur\u00e9es pour int\u00e9rieur\" \/>\n<meta property=\"og:description\" content=\"D\u00e9couvrez Pure &amp; Original, une marque de peinture haut de gamme connue pour ses peintures \u00e0 la chaux et au pl\u00e2tre. Nous utilisons des pigments naturels pour teinter nos peintures \u00e9cologiques, avec une gamme de finitions allant du mat au brillant et du m\u00e9tallique, ainsi que des textures murales uniques comme Fresco Lime et Marrakech Walls.\" \/>\n<meta property=\"og:url\" content=\"https:\/\/www.pureoriginalcanada.com\/fr\/\" \/>\n<meta property=\"og:site_name\" content=\"Pure &amp; Original Canada\" \/>\n<meta property=\"article:publisher\" content=\"https:\/\/www.facebook.com\/pureandoriginal.english\" \/>\n<meta property=\"article:modified_time\" content=\"2025-03-01T22:10:31+00:00\" \/>\n<meta property=\"og:image\" content=\"https:\/\/cdn.diffuse.nl\/pureoriginalcanada\/uploads\/2023\/12\/pure-original-og.jpg\" \/>\n\t<meta property=\"og:image:width\" content=\"1440\" \/>\n\t<meta property=\"og:image:height\" content=\"837\" \/>\n\t<meta property=\"og:image:type\" content=\"image\/jpeg\" \/>\n<script type=\"application\/ld+json\" class=\"yoast-schema-graph\">{\"@context\":\"https:\/\/schema.org\",\"@graph\":[{\"@type\":\"WebPage\",\"@id\":\"https:\/\/www.pureoriginalcanada.com\/fr\/\",\"url\":\"https:\/\/www.pureoriginalcanada.com\/fr\/\",\"name\":\"Pure &amp; Original Canada | Peintures \u00e0 la chaux naturelle | Finitions textur\u00e9es pour int\u00e9rieur\",\"isPartOf\":{\"@id\":\"https:\/\/www.pureoriginalcanada.com\/#website\"},\"datePublished\":\"2023-11-07T20:58:09+00:00\",\"dateModified\":\"2025-03-01T22:10:31+00:00\",\"description\":\"D\u00e9couvrez Pure & Original, une marque de peinture haut de gamme connue pour ses peintures \u00e0 la chaux et au pl\u00e2tre. Nous utilisons des pigments naturels pour teinter nos peintures \u00e9cologiques, avec une gamme de finitions allant du mat au brillant et du m\u00e9tallique, ainsi que des textures murales uniques comme Fresco Lime et Marrakech Walls.\",\"breadcrumb\":{\"@id\":\"https:\/\/www.pureoriginalcanada.com\/fr\/#breadcrumb\"},\"inLanguage\":\"fr-FR\",\"potentialAction\":[{\"@type\":\"ReadAction\",\"target\":[\"https:\/\/www.pureoriginalcanada.com\/fr\/\"]}]},{\"@type\":\"BreadcrumbList\",\"@id\":\"https:\/\/www.pureoriginalcanada.com\/fr\/#breadcrumb\",\"itemListElement\":[{\"@type\":\"ListItem\",\"position\":1,\"name\":\"Home\",\"item\":\"https:\/\/www.pureoriginalcanada.com\/fr\/\"},{\"@type\":\"ListItem\",\"position\":2,\"name\":\"Accueil\"}]},{\"@type\":\"WebSite\",\"@id\":\"https:\/\/www.pureoriginalcanada.com\/#website\",\"url\":\"https:\/\/www.pureoriginalcanada.com\/\",\"name\":\"Pure & Original Canada\",\"description\":\"The charm of natural paint and colors\",\"publisher\":{\"@id\":\"https:\/\/www.pureoriginalcanada.com\/#organization\"},\"potentialAction\":[{\"@type\":\"SearchAction\",\"target\":{\"@type\":\"EntryPoint\",\"urlTemplate\":\"https:\/\/www.pureoriginalcanada.com\/?s={search_term_string}\"},\"query-input\":{\"@type\":\"PropertyValueSpecification\",\"valueRequired\":true,\"valueName\":\"search_term_string\"}}],\"inLanguage\":\"fr-FR\"},{\"@type\":\"Organization\",\"@id\":\"https:\/\/www.pureoriginalcanada.com\/#organization\",\"name\":\"Pure & Original Canada\",\"url\":\"https:\/\/www.pureoriginalcanada.com\/\",\"logo\":{\"@type\":\"ImageObject\",\"inLanguage\":\"fr-FR\",\"@id\":\"https:\/\/www.pureoriginalcanada.com\/#\/schema\/logo\/image\/\",\"url\":\"https:\/\/cdn.diffuse.nl\/pureoriginalcanada\/uploads\/2023\/12\/pure-original-logo-bw.jpg\",\"contentUrl\":\"https:\/\/cdn.diffuse.nl\/pureoriginalcanada\/uploads\/2023\/12\/pure-original-logo-bw.jpg\",\"width\":1392,\"height\":1392,\"caption\":\"Pure & Original Canada\"},\"image\":{\"@id\":\"https:\/\/www.pureoriginalcanada.com\/#\/schema\/logo\/image\/\"},\"sameAs\":[\"https:\/\/www.facebook.com\/pureandoriginal.english\",\"https:\/\/www.instagram.com\/pureoriginalusa_can\/\",\"https:\/\/www.pinterest.ca\/pureoriginalusa\/\"]}]}<\/script>\n<!-- \/ Yoast SEO plugin. -->","yoast_head_json":{"title":"Pure &amp; Original Canada | Peintures \u00e0 la chaux naturelle | Finitions textur\u00e9es pour int\u00e9rieur","description":"D\u00e9couvrez Pure & Original, une marque de peinture haut de gamme connue pour ses peintures \u00e0 la chaux et au pl\u00e2tre. Nous utilisons des pigments naturels pour teinter nos peintures \u00e9cologiques, avec une gamme de finitions allant du mat au brillant et du m\u00e9tallique, ainsi que des textures murales uniques comme Fresco Lime et Marrakech Walls.","robots":{"index":"index","follow":"follow","max-snippet":"max-snippet:-1","max-image-preview":"max-image-preview:large","max-video-preview":"max-video-preview:-1"},"canonical":"https:\/\/www.pureoriginalcanada.com\/fr\/","og_locale":"fr_FR","og_type":"article","og_title":"Pure &amp; Original Canada | Peintures \u00e0 la chaux naturelle | Finitions textur\u00e9es pour int\u00e9rieur","og_description":"D\u00e9couvrez Pure & Original, une marque de peinture haut de gamme connue pour ses peintures \u00e0 la chaux et au pl\u00e2tre. Nous utilisons des pigments naturels pour teinter nos peintures \u00e9cologiques, avec une gamme de finitions allant du mat au brillant et du m\u00e9tallique, ainsi que des textures murales uniques comme Fresco Lime et Marrakech Walls.","og_url":"https:\/\/www.pureoriginalcanada.com\/fr\/","og_site_name":"Pure &amp; Original Canada","article_publisher":"https:\/\/www.facebook.com\/pureandoriginal.english","article_modified_time":"2025-03-01T22:10:31+00:00","og_image":[{"width":1440,"height":837,"url":"https:\/\/cdn.diffuse.nl\/pureoriginalcanada\/uploads\/2023\/12\/pure-original-og.jpg","type":"image\/jpeg"}],"schema":{"@context":"https:\/\/schema.org","@graph":[{"@type":"WebPage","@id":"https:\/\/www.pureoriginalcanada.com\/fr\/","url":"https:\/\/www.pureoriginalcanada.com\/fr\/","name":"Pure &amp; Original Canada | Peintures \u00e0 la chaux naturelle | Finitions textur\u00e9es pour int\u00e9rieur","isPartOf":{"@id":"https:\/\/www.pureoriginalcanada.com\/#website"},"datePublished":"2023-11-07T20:58:09+00:00","dateModified":"2025-03-01T22:10:31+00:00","description":"D\u00e9couvrez Pure & Original, une marque de peinture haut de gamme connue pour ses peintures \u00e0 la chaux et au pl\u00e2tre. Nous utilisons des pigments naturels pour teinter nos peintures \u00e9cologiques, avec une gamme de finitions allant du mat au brillant et du m\u00e9tallique, ainsi que des textures murales uniques comme Fresco Lime et Marrakech Walls.","breadcrumb":{"@id":"https:\/\/www.pureoriginalcanada.com\/fr\/#breadcrumb"},"inLanguage":"fr-FR","potentialAction":[{"@type":"ReadAction","target":["https:\/\/www.pureoriginalcanada.com\/fr\/"]}]},{"@type":"BreadcrumbList","@id":"https:\/\/www.pureoriginalcanada.com\/fr\/#breadcrumb","itemListElement":[{"@type":"ListItem","position":1,"name":"Home","item":"https:\/\/www.pureoriginalcanada.com\/fr\/"},{"@type":"ListItem","position":2,"name":"Accueil"}]},{"@type":"WebSite","@id":"https:\/\/www.pureoriginalcanada.com\/#website","url":"https:\/\/www.pureoriginalcanada.com\/","name":"Pure & Original Canada","description":"The charm of natural paint and colors","publisher":{"@id":"https:\/\/www.pureoriginalcanada.com\/#organization"},"potentialAction":[{"@type":"SearchAction","target":{"@type":"EntryPoint","urlTemplate":"https:\/\/www.pureoriginalcanada.com\/?s={search_term_string}"},"query-input":{"@type":"PropertyValueSpecification","valueRequired":true,"valueName":"search_term_string"}}],"inLanguage":"fr-FR"},{"@type":"Organization","@id":"https:\/\/www.pureoriginalcanada.com\/#organization","name":"Pure & Original Canada","url":"https:\/\/www.pureoriginalcanada.com\/","logo":{"@type":"ImageObject","inLanguage":"fr-FR","@id":"https:\/\/www.pureoriginalcanada.com\/#\/schema\/logo\/image\/","url":"https:\/\/cdn.diffuse.nl\/pureoriginalcanada\/uploads\/2023\/12\/pure-original-logo-bw.jpg","contentUrl":"https:\/\/cdn.diffuse.nl\/pureoriginalcanada\/uploads\/2023\/12\/pure-original-logo-bw.jpg","width":1392,"height":1392,"caption":"Pure & Original Canada"},"image":{"@id":"https:\/\/www.pureoriginalcanada.com\/#\/schema\/logo\/image\/"},"sameAs":["https:\/\/www.facebook.com\/pureandoriginal.english","https:\/\/www.instagram.com\/pureoriginalusa_can\/","https:\/\/www.pinterest.ca\/pureoriginalusa\/"]}]}},"_links":{"self":[{"href":"https:\/\/www.pureoriginalcanada.com\/fr\/wp-json\/wp\/v2\/pages\/2135","targetHints":{"allow":["GET"]}}],"collection":[{"href":"https:\/\/www.pureoriginalcanada.com\/fr\/wp-json\/wp\/v2\/pages"}],"about":[{"href":"https:\/\/www.pureoriginalcanada.com\/fr\/wp-json\/wp\/v2\/types\/page"}],"author":[{"embeddable":true,"href":"https:\/\/www.pureoriginalcanada.com\/fr\/wp-json\/wp\/v2\/users\/1"}],"replies":[{"embeddable":true,"href":"https:\/\/www.pureoriginalcanada.com\/fr\/wp-json\/wp\/v2\/comments?post=2135"}],"version-history":[{"count":6,"href":"https:\/\/www.pureoriginalcanada.com\/fr\/wp-json\/wp\/v2\/pages\/2135\/revisions"}],"predecessor-version":[{"id":2746,"href":"https:\/\/www.pureoriginalcanada.com\/fr\/wp-json\/wp\/v2\/pages\/2135\/revisions\/2746"}],"wp:attachment":[{"href":"https:\/\/www.pureoriginalcanada.com\/fr\/wp-json\/wp\/v2\/media?parent=2135"}],"curies":[{"name":"wp","href":"https:\/\/api.w.org\/{rel}","templated":true}]}}